{"id":440,"date":"2025-08-09T08:52:08","date_gmt":"2025-08-09T06:52:08","guid":{"rendered":"https:\/\/studiofigurastradom.zabiegibeauty.pl\/?page_id=440"},"modified":"2025-10-19T19:20:02","modified_gmt":"2025-10-19T17:20:02","slug":"formularz-3","status":"publish","type":"page","link":"https:\/\/studiofigurastradom.zabiegibeauty.pl\/?page_id=440","title":{"rendered":"Formularz Fale Radiowe"},"content":{"rendered":"\t\t<div data-elementor-type=\"wp-page\" data-elementor-id=\"440\" class=\"elementor elementor-440\">\n\t\t\t\t\t\t<section class=\"elementor-section elementor-top-section elementor-element elementor-element-a1a9cf2 elementor-section-boxed elementor-section-height-default elementor-section-height-default wpr-particle-no wpr-jarallax-no wpr-parallax-no wpr-sticky-section-no\" data-id=\"a1a9cf2\" data-element_type=\"section\" data-settings=\"{&quot;background_background&quot;:&quot;classic&quot;}\">\n\t\t\t\t\t\t\t<div class=\"elementor-background-overlay\"><\/div>\n\t\t\t\t\t\t\t<div class=\"elementor-container elementor-column-gap-default\">\n\t\t\t\t\t<div class=\"elementor-column elementor-col-100 elementor-top-column elementor-element elementor-element-43b0840 elementor-invisible\" data-id=\"43b0840\" data-element_type=\"column\" data-settings=\"{&quot;animation&quot;:&quot;fadeIn&quot;}\">\n\t\t\t<div class=\"elementor-widget-wrap elementor-element-populated\">\n\t\t\t\t\t\t<div class=\"elementor-element elementor-element-891ae6d elementor-widget elementor-widget-heading\" data-id=\"891ae6d\" data-element_type=\"widget\" data-widget_type=\"heading.default\">\n\t\t\t\t<div class=\"elementor-widget-container\">\n\t\t\t<h2 class=\"elementor-heading-title elementor-size-default\">Oferta Specjalna<\/h2>\t\t<\/div>\n\t\t\t\t<\/div>\n\t\t\t\t<div class=\"elementor-element elementor-element-a2d3a0d elementor-widget elementor-widget-progress\" data-id=\"a2d3a0d\" data-element_type=\"widget\" data-widget_type=\"progress.default\">\n\t\t\t\t<div class=\"elementor-widget-container\">\n\t\t\t\t\t\t<span class=\"elementor-title\" id=\"elementor-progress-bar-a2d3a0d\">\n\t\t\t\tZapis\t\t\t<\/span>\n\t\t\n\t\t<div aria-labelledby=\"elementor-progress-bar-a2d3a0d\" class=\"elementor-progress-wrapper\" role=\"progressbar\" aria-valuemin=\"0\" aria-valuemax=\"100\" aria-valuenow=\"75\" aria-valuetext=\"75% (Zapis na wizyt\u0119)\">\n\t\t\t<div class=\"elementor-progress-bar\" data-max=\"75\">\n\t\t\t\t<span class=\"elementor-progress-text\">Zapis na wizyt\u0119<\/span>\n\t\t\t\t\t\t\t\t\t<span class=\"elementor-progress-percentage\">75%<\/span>\n\t\t\t\t\t\t\t<\/div>\n\t\t<\/div>\n\t\t\t\t<\/div>\n\t\t\t\t<\/div>\n\t\t\t\t<div class=\"elementor-element elementor-element-5536aef elementor-widget elementor-widget-counter\" data-id=\"5536aef\" data-element_type=\"widget\" data-widget_type=\"counter.default\">\n\t\t\t\t<div class=\"elementor-widget-container\">\n\t\t\t\t\t<div class=\"elementor-counter\">\n\t\t\t<div class=\"elementor-counter-title\">Za Tob\u0105<\/div>\t\t\t<div class=\"elementor-counter-number-wrapper\">\n\t\t\t\t<span class=\"elementor-counter-number-prefix\"><\/span>\n\t\t\t\t<span class=\"elementor-counter-number\" data-duration=\"2000\" data-to-value=\"75\" data-from-value=\"0\" data-delimiter=\",\">0<\/span>\n\t\t\t\t<span class=\"elementor-counter-number-suffix\">%<\/span>\n\t\t\t<\/div>\n\t\t<\/div>\n\t\t\t\t<\/div>\n\t\t\t\t<\/div>\n\t\t\t\t<div class=\"elementor-element elementor-element-808888e elementor-widget elementor-widget-heading\" data-id=\"808888e\" data-element_type=\"widget\" data-widget_type=\"heading.default\">\n\t\t\t\t<div class=\"elementor-widget-container\">\n\t\t\t<h2 class=\"elementor-heading-title elementor-size-default\">Doko\u0144cz rejestracje i skorzystaj z pakietu 3 x lipolaser, ka\u017cdy za 79 z\u0142<\/h2>\t\t<\/div>\n\t\t\t\t<\/div>\n\t\t\t\t<div class=\"elementor-element elementor-element-a0d266e elementor-widget elementor-widget-heading\" data-id=\"a0d266e\" data-element_type=\"widget\" data-widget_type=\"heading.default\">\n\t\t\t\t<div class=\"elementor-widget-container\">\n\t\t\t<h2 class=\"elementor-heading-title elementor-size-default\">Wype\u0142nij poni\u017cszy formularz, aby zapisa\u0107 si\u0119 na wizyt\u0119!<br><br>Wybierz proponowan\u0105 dat\u0119 wizyty, nast\u0119pnie salon skontaktuj\u0119 si\u0119 z Tob\u0105,<br>aby potwierdzi\u0107 termin.<\/h2>\t\t<\/div>\n\t\t\t\t<\/div>\n\t\t\t\t<div class=\"elementor-element elementor-element-f639a5a elementor-widget elementor-widget-shortcode\" data-id=\"f639a5a\" data-element_type=\"widget\" data-widget_type=\"shortcode.default\">\n\t\t\t\t<div class=\"elementor-widget-container\">\n\t\t\t\t\t<div class=\"elementor-shortcode\"><div class=\"forminator-ui forminator-custom-form forminator-custom-form-228 forminator-design--default  forminator_ajax\" data-forminator-render=\"0\" data-form=\"forminator-module-228\" data-uid=\"69e2243346800\"><br\/><\/div><form\n\t\t\t\tid=\"forminator-module-228\"\n\t\t\t\tclass=\"forminator-ui forminator-custom-form forminator-custom-form-228 forminator-design--default  forminator_ajax\"\n\t\t\t\tmethod=\"post\"\n\t\t\t\tdata-forminator-render=\"0\"\n\t\t\t\tdata-form-id=\"228\"\n\t\t\t\t\n\t\t\t\tdata-design=\"default\"\n\t\t\t\t\n\t\t\t\t\n\t\t\t\t\n\t\t\t\tdata-grid=\"open\"\n\t\t\t\t\n\t\t\t\t\n\t\t\t\tstyle=\"display: none;\"\n\t\t\t\t\n\t\t\t\tdata-uid=\"69e2243346800\"\n\t\t\t><div role=\"alert\" aria-live=\"polite\" class=\"forminator-response-message forminator-error\" aria-hidden=\"true\"><\/div><div class=\"forminator-row\"><div id=\"name-1\" class=\"forminator-field-name forminator-col forminator-col-12 \"><div class=\"forminator-field\"><label for=\"forminator-field-name-1_69e2243346800\" id=\"forminator-field-name-1_69e2243346800-label\" class=\"forminator-label\">Imi\u0119 <span class=\"forminator-required\">*<\/span><\/label><input type=\"text\" name=\"name-1\" value=\"\" placeholder=\"Na przyk\u0142ad: Anna\" id=\"forminator-field-name-1_69e2243346800\" class=\"forminator-input forminator-name--field\" aria-required=\"true\" \/><\/div><\/div><\/div><div class=\"forminator-row\"><div id=\"email-1\" class=\"forminator-field-email forminator-col forminator-col-12 \"><div class=\"forminator-field\"><label for=\"forminator-field-email-1_69e2243346800\" id=\"forminator-field-email-1_69e2243346800-label\" class=\"forminator-label\">Adres e-mail <span class=\"forminator-required\">*<\/span><\/label><input type=\"email\" name=\"email-1\" value=\"\" placeholder=\"Na przyk\u0142ad: anna@nowak.pl\" id=\"forminator-field-email-1_69e2243346800\" class=\"forminator-input forminator-email--field\" data-required=\"true\" aria-required=\"true\" \/><\/div><\/div><\/div><div class=\"forminator-row\"><div id=\"phone-1\" class=\"forminator-field-phone forminator-col forminator-col-12 \"><div class=\"forminator-field\"><label for=\"forminator-field-phone-1_69e2243346800\" id=\"forminator-field-phone-1_69e2243346800-label\" class=\"forminator-label\">Numer telefonu <span class=\"forminator-required\">*<\/span><\/label><input type=\"text\" name=\"phone-1\" value=\"\" placeholder=\"Przyk\u0142ad: +48 555 555 555\" id=\"forminator-field-phone-1_69e2243346800\" class=\"forminator-input forminator-field--phone\" data-required=\"1\" aria-required=\"true\" autocomplete=\"off\" \/><\/div><\/div><\/div><div class=\"forminator-row\"><div id=\"date-1\" class=\"forminator-field-date forminator-col forminator-col-12 \"><div class=\"forminator-field\"><label for=\"forminator-field-date-1-picker_69e2243346800\" id=\"forminator-field-date-1-picker_69e2243346800-label\" class=\"forminator-label\">Data <span class=\"forminator-required\">*<\/span><\/label><div class=\"forminator-input-with-icon\"><label for=\"forminator-field-date-1-picker_69e2243346800\"><span class=\"forminator-icon-calendar\" aria-hidden=\"true\"><\/span><\/label><input autocomplete=\"off\" type=\"text\" size=\"1\" name=\"date-1\" value=\"\" placeholder=\"Wybierz dat\u0119 wizyty\" id=\"forminator-field-date-1-picker_69e2243346800\" class=\"forminator-input forminator-datepicker\" data-required=\"1\" data-format=\"dd\/mm\/yy\" data-restrict-type=\"week\" data-restrict=\"0,6\" data-start-year=\"2026\" data-end-year=\"2126\" data-past-dates=\"enable\" data-start-of-week=\"1\" data-start-date=\"2026-04-17\" data-end-date=\"\" data-start-field=\"\" data-end-field=\"\" data-start-offset=\"\" data-end-offset=\"\" data-disable-date=\"\" data-disable-range=\"\" \/><\/div><\/div><\/div><\/div><input type=\"hidden\" name=\"referer_url\" value=\"\" \/><div class=\"forminator-row forminator-row-last\"><div class=\"forminator-col\"><div class=\"forminator-field\"><button class=\"forminator-button forminator-button-submit\">Zapisz si\u0119 na wizyt\u0119!<\/button><\/div><\/div><\/div><input type=\"hidden\" id=\"forminator_nonce\" name=\"forminator_nonce\" value=\"2048807c34\" \/><input type=\"hidden\" name=\"_wp_http_referer\" value=\"\/index.php?rest_route=%2Fwp%2Fv2%2Fpages%2F440\" \/><input type=\"hidden\" name=\"form_id\" value=\"228\"><input type=\"hidden\" name=\"page_id\" value=\"440\"><input type=\"hidden\" name=\"form_type\" value=\"default\"><input type=\"hidden\" name=\"current_url\" value=\"https:\/\/studiofigurastradom.zabiegibeauty.pl\/?page_id=440\"><input type=\"hidden\" name=\"render_id\" value=\"0\"><input type=\"hidden\" name=\"action\" value=\"forminator_submit_form_custom-forms\"><\/form><\/div>\n\t\t\t\t<\/div>\n\t\t\t\t<\/div>\n\t\t\t\t<div class=\"elementor-element elementor-element-123f2e8 elementor-widget elementor-widget-text-editor\" data-id=\"123f2e8\" data-element_type=\"widget\" data-widget_type=\"text-editor.default\">\n\t\t\t\t<div class=\"elementor-widget-container\">\n\t\t\t\t\t\t\t<p>Wysy\u0142aj\u0105c formularz wyra\u017casz zgod\u0119 na przetwarzanie danych osobowych zgodnie z\u00a0<a href=\"https:\/\/studiofigurastradom.zabiegibeauty.pl\/?page_id=3\" target=\"_blank\" rel=\"nofollow noopener\">Polityk\u0105 Prywatno\u015bci.<\/a><\/p>\t\t\t\t\t\t<\/div>\n\t\t\t\t<\/div>\n\t\t\t\t<div class=\"elementor-element elementor-element-5b7f897 elementor-widget elementor-widget-shortcode\" data-id=\"5b7f897\" data-element_type=\"widget\" data-widget_type=\"shortcode.default\">\n\t\t\t\t<div class=\"elementor-widget-container\">\n\t\t\t\t\t<div class=\"elementor-shortcode\"><div class=\" hurrytimer-campaign hurryt-loading hurrytimer-campaign-142\" data-config=\"{&quot;id&quot;:142,&quot;run_in_background&quot;:false,&quot;sticky&quot;:false,&quot;product_ids&quot;:[],&quot;actions&quot;:[{&quot;id&quot;:1,&quot;redirectUrl&quot;:&quot;&quot;,&quot;message&quot;:&quot;&quot;,&quot;coupon&quot;:&quot;&quot;,&quot;wcStockStatus&quot;:&quot;instock&quot;}],&quot;template&quot;:&quot;&lt;div class=\\&quot;hurrytimer-timer-block \\&quot;&gt;&lt;div class=\\&quot;hurrytimer-timer-digit \\&quot;&gt;%D&lt;\\\/div&gt;&lt;div class=\\&quot;hurrytimer-timer-label \\&quot; &gt;Dni&lt;\\\/div&gt;&lt;\\\/div&gt;&lt;div class=\\&quot; hurrytimer-timer-sep\\&quot;&gt;:&lt;\\\/div&gt;&lt;div class=\\&quot;hurrytimer-timer-block \\&quot;&gt;&lt;div class=\\&quot;hurrytimer-timer-digit \\&quot;&gt;%H&lt;\\\/div&gt;&lt;div class=\\&quot;hurrytimer-timer-label \\&quot; &gt;Godziny&lt;\\\/div&gt;&lt;\\\/div&gt;&lt;div class=\\&quot; hurrytimer-timer-sep\\&quot;&gt;:&lt;\\\/div&gt;&lt;div class=\\&quot;hurrytimer-timer-block \\&quot;&gt;&lt;div class=\\&quot;hurrytimer-timer-digit \\&quot;&gt;%M&lt;\\\/div&gt;&lt;div class=\\&quot;hurrytimer-timer-label \\&quot; &gt;Minuty&lt;\\\/div&gt;&lt;\\\/div&gt;&lt;div class=\\&quot; hurrytimer-timer-sep\\&quot;&gt;:&lt;\\\/div&gt;&lt;div class=\\&quot;hurrytimer-timer-block \\&quot;&gt;&lt;div class=\\&quot;hurrytimer-timer-digit \\&quot;&gt;%S&lt;\\\/div&gt;&lt;div class=\\&quot;hurrytimer-timer-label \\&quot; &gt;Sekundy&lt;\\\/div&gt;&lt;\\\/div&gt;&quot;,&quot;methods&quot;:[1,2],&quot;mode&quot;:&quot;evergreen&quot;,&quot;sticky_bar_hide_timeout&quot;:7,&quot;isRegular&quot;:false,&quot;restart_duration&quot;:0,&quot;duration&quot;:900,&quot;should_reset&quot;:true,&quot;reset_token&quot;:&quot;1732796207&quot;,&quot;restart&quot;:&quot;2&quot;,&quot;endDate&quot;:null,&quot;cookieName&quot;:&quot;_ht_CDT-142&quot;,&quot;reload_reset&quot;:false}\" ><div class=\" hurrytimer-headline\">Oferta limitowana<\/div><div class=\" hurrytimer-timer\"><\/div><\/div><\/div>\n\t\t\t\t<\/div>\n\t\t\t\t<\/div>\n\t\t\t\t\t<\/div>\n\t\t<\/div>\n\t\t\t\t\t<\/div>\n\t\t<\/section>\n\t\t\t\t<\/div>\n\t\t","protected":false},"excerpt":{"rendered":"<p>Oferta Specjalna Zapis Zapis na wizyt\u0119 75% Za Tob\u0105 0 % Doko\u0144cz rejestracje i skorzystaj z pakietu 3 x lipolaser, ka\u017cdy za 79 z\u0142 Wype\u0142nij poni\u017cszy formularz, aby zapisa\u0107 si\u0119 na wizyt\u0119! Wybierz proponowan\u0105 dat\u0119 wizyty, nast\u0119pnie salon skontaktuj\u0119 si\u0119 z Tob\u0105,aby potwierdzi\u0107 termin. Wysy\u0142aj\u0105c formularz wyra\u017casz zgod\u0119 na przetwarzanie danych osobowych zgodnie z\u00a0Polityk\u0105 Prywatno\u015bci.<\/p>\n","protected":false},"author":1,"featured_media":0,"parent":0,"menu_order":0,"comment_status":"closed","ping_status":"closed","template":"elementor_canvas","meta":{"footnotes":""},"class_list":["post-440","page","type-page","status-publish","hentry"],"_links":{"self":[{"href":"https:\/\/studiofigurastradom.zabiegibeauty.pl\/index.php?rest_route=\/wp\/v2\/pages\/440","targetHints":{"allow":["GET"]}}],"collection":[{"href":"https:\/\/studiofigurastradom.zabiegibeauty.pl\/index.php?rest_route=\/wp\/v2\/pages"}],"about":[{"href":"https:\/\/studiofigurastradom.zabiegibeauty.pl\/index.php?rest_route=\/wp\/v2\/types\/page"}],"author":[{"embeddable":true,"href":"https:\/\/studiofigurastradom.zabiegibeauty.pl\/index.php?rest_route=\/wp\/v2\/users\/1"}],"replies":[{"embeddable":true,"href":"https:\/\/studiofigurastradom.zabiegibeauty.pl\/index.php?rest_route=%2Fwp%2Fv2%2Fcomments&post=440"}],"version-history":[{"count":11,"href":"https:\/\/studiofigurastradom.zabiegibeauty.pl\/index.php?rest_route=\/wp\/v2\/pages\/440\/revisions"}],"predecessor-version":[{"id":497,"href":"https:\/\/studiofigurastradom.zabiegibeauty.pl\/index.php?rest_route=\/wp\/v2\/pages\/440\/revisions\/497"}],"wp:attachment":[{"href":"https:\/\/studiofigurastradom.zabiegibeauty.pl\/index.php?rest_route=%2Fwp%2Fv2%2Fmedia&parent=440"}],"curies":[{"name":"wp","href":"https:\/\/api.w.org\/{rel}","templated":true}]}}